{"id":15191,"date":"2024-12-20T13:40:47","date_gmt":"2024-12-20T12:40:47","guid":{"rendered":"https:\/\/es.base.asciende.pro\/?page_id=14374"},"modified":"2025-04-23T15:06:07","modified_gmt":"2025-04-23T13:06:07","slug":"impressum","status":"publish","type":"page","link":"https:\/\/base.asciende.pro\/es\/impressum\/","title":{"rendered":"Impressum\/Aviso Legal"},"content":{"rendered":"\t\t<div data-elementor-type=\"wp-page\" data-elementor-id=\"15191\" class=\"elementor elementor-15191 elementor-14370\">\n\t\t\t\t\t\t<section class=\"elementor-section elementor-top-section elementor-element elementor-element-39493db7 elementor-section-boxed elementor-section-height-default elementor-section-height-default\" data-id=\"39493db7\" data-element_type=\"section\" data-e-type=\"section\">\n\t\t\t\t\t\t<div class=\"elementor-container elementor-column-gap-default\">\n\t\t\t\t\t<div class=\"elementor-column elementor-col-100 elementor-top-column elementor-element elementor-element-661146f4\" data-id=\"661146f4\" data-element_type=\"column\" data-e-type=\"column\">\n\t\t\t<div class=\"elementor-widget-wrap elementor-element-populated\">\n\t\t\t\t\t\t<div class=\"elementor-element elementor-element-92345a0 elementor-tabs-view-horizontal elementor-widget elementor-widget-tabs\" data-id=\"92345a0\" data-element_type=\"widget\" data-e-type=\"widget\" data-widget_type=\"tabs.default\">\n\t\t\t\t<div class=\"elementor-widget-container\">\n\t\t\t\t\t\t\t<div class=\"elementor-tabs\">\n\t\t\t<div class=\"elementor-tabs-wrapper\" role=\"tablist\" >\n\t\t\t\t\t\t\t\t\t<div id=\"elementor-tab-title-1531\" class=\"elementor-tab-title elementor-tab-desktop-title\" aria-selected=\"true\" data-tab=\"1\" role=\"tab\" tabindex=\"0\" aria-controls=\"elementor-tab-content-1531\" aria-expanded=\"false\">Impressum<\/div>\n\t\t\t\t\t\t\t\t\t<div id=\"elementor-tab-title-1532\" class=\"elementor-tab-title elementor-tab-desktop-title\" aria-selected=\"false\" data-tab=\"2\" role=\"tab\" tabindex=\"-1\" aria-controls=\"elementor-tab-content-1532\" aria-expanded=\"false\">Aviso Legal<\/div>\n\t\t\t\t\t\t\t<\/div>\n\t\t\t<div class=\"elementor-tabs-content-wrapper\" role=\"tablist\" aria-orientation=\"vertical\">\n\t\t\t\t\t\t\t\t\t<div class=\"elementor-tab-title elementor-tab-mobile-title\" aria-selected=\"true\" data-tab=\"1\" role=\"tab\" tabindex=\"0\" aria-controls=\"elementor-tab-content-1531\" aria-expanded=\"false\">Impressum<\/div>\n\t\t\t\t\t<div id=\"elementor-tab-content-1531\" class=\"elementor-tab-content elementor-clearfix\" data-tab=\"1\" role=\"tabpanel\" aria-labelledby=\"elementor-tab-title-1531\" tabindex=\"0\" hidden=\"false\"><p><strong>Angaben gem\u00e4\u00df \u00a7 5 TMG:<\/strong><\/p>\n<p><!-- \/wp:paragraph --><!-- wp:paragraph --><\/p>\n<p><strong>Name:<\/strong> Agust\u00edn Hern\u00e1ndez<br \/><strong>Anschrift:<\/strong> Cornelius Frederick Str. 15, 13351, Berlin<br \/><strong>Kontakt:<\/strong><\/p>\n<p><!-- \/wp:paragraph --><!-- wp:list --><\/p>\n<ul class=\"wp-block-list\"><!-- wp:list-item -->\n<li>E-Mail: <a>agu@base.asciende.pro<\/a><\/li>\n<!-- \/wp:list-item --><!-- wp:list-item -->\n<li>Telefon: +49 176 2297 3233<\/li>\n<!-- \/wp:list-item --><\/ul>\n<p><!-- \/wp:list --><!-- wp:paragraph --><\/p>\n<p><strong>Berufsbezeichnung:<\/strong> Sportwissenschaftler<br \/><strong>Rechtsform:<\/strong> Freiberufler (Kleinunternehmer gem\u00e4\u00df \u00a7 19 UStG)<br \/><strong>Steuernummer:<\/strong> 35\/342\/02661<\/p>\n<p><!-- \/wp:paragraph --><!-- wp:paragraph --><\/p>\n<p><strong>Verantwortlich f\u00fcr den Inhalt nach \u00a7 55 Abs. 2 RStV:<\/strong><br \/>Agust\u00edn Hern\u00e1ndez, Cornelius Frederick Str. 15, 13351, Berlin<\/p>\n<p><!-- \/wp:paragraph --><!-- wp:paragraph --><\/p>\n<p><strong>Haftung f\u00fcr Inhalte<\/strong><br \/>Als Diensteanbieter sind wir gem\u00e4\u00df \u00a7 7 Abs.1 TMG f\u00fcr eigene Inhalte auf diesen Seiten nach den allgemeinen Gesetzen verantwortlich. Nach \u00a7\u00a7 8 bis 10 TMG sind wir als Diensteanbieter jedoch nicht verpflichtet, \u00fcbermittelte oder gespeicherte fremde Informationen zu \u00fcberwachen oder nach Umst\u00e4nden zu forschen, die auf eine rechtswidrige T\u00e4tigkeit hinweisen. Verpflichtungen zur Entfernung oder Sperrung der Nutzung von Informationen nach den allgemeinen Gesetzen bleiben hiervon unber\u00fchrt. Eine diesbez\u00fcgliche Haftung ist jedoch erst ab dem Zeitpunkt der Kenntnis einer konkreten Rechtsverletzung m\u00f6glich. Bei Bekanntwerden von entsprechenden Rechtsverletzungen werden wir diese Inhalte umgehend entfernen.<\/p>\n<p><!-- \/wp:paragraph --><!-- wp:paragraph --><\/p>\n<p><strong>Haftung f\u00fcr Links<\/strong><br \/>Unser Angebot enth\u00e4lt Links zu externen Webseiten Dritter, auf deren Inhalte wir keinen Einfluss haben. Deshalb k\u00f6nnen wir f\u00fcr diese fremden Inhalte auch keine Gew\u00e4hr \u00fcbernehmen. F\u00fcr die Inhalte der verlinkten Seiten ist stets der jeweilige Anbieter oder Betreiber der Seiten verantwortlich.<\/p>\n<p><!-- \/wp:paragraph --><!-- wp:paragraph --><\/p>\n<p><strong>Urheberrecht<\/strong><br \/>Die durch die Seitenbetreiber erstellten Inhalte und Werke auf diesen Seiten unterliegen dem deutschen Urheberrecht. Die Vervielf\u00e4ltigung, Bearbeitung, Verbreitung und jede Art der Verwertung au\u00dferhalb der Grenzen des Urheberrechtes bed\u00fcrfen der schriftlichen Zustimmung des jeweiligen Autors bzw. Erstellers.<\/p><\/div>\n\t\t\t\t\t\t\t\t\t<div class=\"elementor-tab-title elementor-tab-mobile-title\" aria-selected=\"false\" data-tab=\"2\" role=\"tab\" tabindex=\"-1\" aria-controls=\"elementor-tab-content-1532\" aria-expanded=\"false\">Aviso Legal<\/div>\n\t\t\t\t\t<div id=\"elementor-tab-content-1532\" class=\"elementor-tab-content elementor-clearfix\" data-tab=\"2\" role=\"tabpanel\" aria-labelledby=\"elementor-tab-title-1532\" tabindex=\"0\" hidden=\"hidden\"><h3 data-start=\"1604\" data-end=\"1635\"><strong data-start=\"1608\" data-end=\"1634\">Datos seg\u00fan el \u00a7 5 TMG<\/strong>:<\/h3>\n<p data-start=\"1637\" data-end=\"1730\">Nombre: Agust\u00edn Hern\u00e1ndez<br data-start=\"1662\" data-end=\"1665\" \/>Direcci\u00f3n: Cornelius Frederick Str. 15, 13351, Berl\u00edn<br data-start=\"1718\" data-end=\"1721\" \/>Contacto:<\/p>\n<p data-start=\"1732\" data-end=\"1798\">Correo electr\u00f3nico: <a rel=\"noopener\" data-start=\"1752\" data-end=\"1768\">agu@base.asciende.pro<\/a><br data-start=\"1768\" data-end=\"1771\" \/>Tel\u00e9fono: +49 176 2297 3233<\/p>\n<p data-start=\"1800\" data-end=\"1954\">T\u00edtulo profesional: Cient\u00edfico del deporte<br data-start=\"1842\" data-end=\"1845\" \/>Forma jur\u00eddica: Aut\u00f3nomo (peque\u00f1o empresario seg\u00fan \u00a7 19 UStG)<br data-start=\"1906\" data-end=\"1909\" \/>N\u00famero de identificaci\u00f3n fiscal: 35\/342\/02661<\/p>\n<p data-start=\"1956\" data-end=\"2072\">Responsable del contenido seg\u00fan el \u00a7 55 Abs. 2 RStV:<br data-start=\"2008\" data-end=\"2011\" \/>Agust\u00edn Hern\u00e1ndez, Cornelius Frederick Str. 15, 13351, Berl\u00edn<\/p>\n<p data-start=\"2074\" data-end=\"2810\"><strong data-start=\"2074\" data-end=\"2110\">Responsabilidad por el contenido<\/strong><br data-start=\"2110\" data-end=\"2113\" \/>Como proveedor de servicios, somos responsables seg\u00fan el \u00a7 7 Abs.1 TMG de nuestros propios contenidos en estas p\u00e1ginas conforme a la legislaci\u00f3n general. Seg\u00fan los \u00a7\u00a7 8 a 10 TMG, no estamos obligados como proveedores de servicios a supervisar la informaci\u00f3n transmitida o almacenada por terceros ni a investigar las circunstancias que puedan indicar una actividad ilegal. Las obligaciones de eliminar o bloquear el uso de informaci\u00f3n conforme a la legislaci\u00f3n general permanecen sin cambios. Sin embargo, la responsabilidad por contenido no es posible hasta que tengamos conocimiento de una violaci\u00f3n legal concreta. Al enterarnos de violaciones legales, eliminaremos de inmediato esos contenidos.<\/p>\n<p data-start=\"2812\" data-end=\"3155\"><strong data-start=\"2812\" data-end=\"2847\">Responsabilidad por los enlaces<\/strong><br data-start=\"2847\" data-end=\"2850\" \/>Nuestra oferta contiene enlaces a sitios web externos de terceros, sobre cuyo contenido no tenemos influencia. Por lo tanto, no podemos asumir ninguna responsabilidad por esos contenidos ajenos. El proveedor u operador de los sitios enlazados es siempre responsable del contenido de las p\u00e1ginas enlazadas.<\/p>\n<p data-start=\"3157\" data-end=\"3502\"><strong data-start=\"3157\" data-end=\"3178\">Derechos de autor<\/strong><br data-start=\"3178\" data-end=\"3181\" \/>Los contenidos y obras creados por los operadores de las p\u00e1ginas en este sitio est\u00e1n sujetos a la ley alemana de derechos de autor. La reproducci\u00f3n, modificaci\u00f3n, distribuci\u00f3n y cualquier tipo de explotaci\u00f3n fuera de los l\u00edmites del derecho de autor requieren el consentimiento por escrito del respectivo autor o creador.<\/p>\n<p data-start=\"3504\" data-end=\"3688\"><strong data-start=\"3504\" data-end=\"3540\">Pol\u00edtica de privacidad y cookies<\/strong><br data-start=\"3540\" data-end=\"3543\" \/>Puedes consultar nuestra [Pol\u00edtica de Privacidad] y [Pol\u00edtica de Cookies] para obtener m\u00e1s informaci\u00f3n sobre c\u00f3mo manejamos tus datos personales.<\/p>\n<p data-start=\"3690\" data-end=\"3880\"><strong data-start=\"3690\" data-end=\"3712\">Condiciones de uso<\/strong><br data-start=\"3712\" data-end=\"3715\" \/>El uso de este sitio web est\u00e1 sujeto a nuestras condiciones de uso. Al acceder y navegar por el sitio, aceptas cumplir con todas las normas y pol\u00edticas establecidas.<\/p>\n<p data-start=\"3882\" data-end=\"4179\"><strong data-start=\"3882\" data-end=\"3914\">Exclusi\u00f3n de responsabilidad<\/strong><br data-start=\"3914\" data-end=\"3917\" \/>La informaci\u00f3n proporcionada en este sitio web es solo para fines informativos generales. No sustituye el asesoramiento profesional espec\u00edfico. No nos hacemos responsables de cualquier da\u00f1o o perjuicio derivado del uso de la informaci\u00f3n disponible en este sitio.<\/p><\/div>\n\t\t\t\t\t\t\t<\/div>\n\t\t<\/div>\n\t\t\t\t\t\t<\/div>\n\t\t\t\t<\/div>\n\t\t\t\t\t<\/div>\n\t\t<\/div>\n\t\t\t\t\t<\/div>\n\t\t<\/section>\n\t\t\t\t<\/div>\n\t\t","protected":false},"excerpt":{"rendered":"<p>Impressum Aviso Legal Impressum Angaben gem\u00e4\u00df \u00a7 5 TMG: Name: Agust\u00edn Hern\u00e1ndezAnschrift: Cornelius Frederick Str. 15, 13351, BerlinKontakt: E-Mail: agu@base.asciende.pro &hellip;<\/p>\n","protected":false},"author":1,"featured_media":0,"parent":0,"menu_order":0,"comment_status":"closed","ping_status":"closed","template":"","meta":{"_bbp_topic_count":0,"_bbp_reply_count":0,"_bbp_total_topic_count":0,"_bbp_total_reply_count":0,"_bbp_voice_count":0,"_bbp_anonymous_reply_count":0,"_bbp_topic_count_hidden":0,"_bbp_reply_count_hidden":0,"_bbp_forum_subforum_count":0,"pmpro_default_level":"","_vibebp_attr":"","_vibebp_dimensions":"","_vibebp_responsive_height":"","_vibebp_accordion_ie_support":"","footnotes":""},"class_list":["post-15191","page","type-page","status-publish","hentry","pmpro-has-access"],"_links":{"self":[{"href":"https:\/\/base.asciende.pro\/es\/wp-json\/wp\/v2\/pages\/15191","targetHints":{"allow":["GET"]}}],"collection":[{"href":"https:\/\/base.asciende.pro\/es\/wp-json\/wp\/v2\/pages"}],"about":[{"href":"https:\/\/base.asciende.pro\/es\/wp-json\/wp\/v2\/types\/page"}],"author":[{"embeddable":true,"href":"https:\/\/base.asciende.pro\/es\/wp-json\/wp\/v2\/users\/1"}],"replies":[{"embeddable":true,"href":"https:\/\/base.asciende.pro\/es\/wp-json\/wp\/v2\/comments?post=15191"}],"version-history":[{"count":1,"href":"https:\/\/base.asciende.pro\/es\/wp-json\/wp\/v2\/pages\/15191\/revisions"}],"predecessor-version":[{"id":15373,"href":"https:\/\/base.asciende.pro\/es\/wp-json\/wp\/v2\/pages\/15191\/revisions\/15373"}],"wp:attachment":[{"href":"https:\/\/base.asciende.pro\/es\/wp-json\/wp\/v2\/media?parent=15191"}],"curies":[{"name":"wp","href":"https:\/\/api.w.org\/{rel}","templated":true}]}}