{"id":15517,"date":"2025-02-17T16:42:23","date_gmt":"2025-02-17T15:42:23","guid":{"rendered":"https:\/\/base.asciende.pro\/product\/plan-de-combustible-de-competicion\/"},"modified":"2025-02-17T16:42:23","modified_gmt":"2025-02-17T15:42:23","slug":"plan-de-combustible-de-competicion","status":"publish","type":"product","link":"https:\/\/base.asciende.pro\/es\/product\/plan-de-combustible-de-competicion\/","title":{"rendered":"Plan de combustible de competici\u00f3n"},"content":{"rendered":"<p>Ya sabes c\u00f3mo comer y tienes muy bien organizado tu entrenamiento diario.<br \/>\nEl Plan de Nutrici\u00f3n para la Competici\u00f3n te ayudar\u00e1 a tenerlo todo bajo control, calculado seg\u00fan los requisitos de la competici\u00f3n, el entrenamiento de tu propio sistema digestivo y las opciones alimentarias a tu gusto.<\/p>\n<p>Recibir\u00e1s un formulario para conocer tus necesidades y los h\u00e1bitos de competici\u00f3n que sueles tener, y junto con la informaci\u00f3n de la carrera en la que participar\u00e1s, generaremos la mejor estrategia para que comas.<\/p>\n<p>Recibir\u00e1s:<\/p>\n<ul>\n<li>Estrategia nutricional para la competici\u00f3n.<\/li>\n<li>Macroc\u00e1lculos y recomendaciones para maximizar tu rendimiento seg\u00fan tus h\u00e1bitos y entrenamiento.<\/li>\n<li>C\u00e1lculos y recomendaciones de hidrataci\u00f3n.<\/li>\n<li>Tiempos y horarios de alimentaci\u00f3n para la competici\u00f3n seg\u00fan sus caracter\u00edsticas.<\/li>\n<li>Lista de la compra para el supermercado.<\/li>\n<\/ul>\n","protected":false},"excerpt":{"rendered":"<p>Ya sabes c\u00f3mo comer y tienes muy bien organizado tu entrenamiento diario.<br \/>\nEl Plan de Nutrici\u00f3n para la Competici\u00f3n te ayudar\u00e1 a tenerlo todo bajo control, calculado seg\u00fan los requisitos de la competici\u00f3n, el entrenamiento de tu propio sistema digestivo y las opciones alimentarias a tu gusto.<\/p>\n<p>Recibir\u00e1s un formulario para conocer tus necesidades y los h\u00e1bitos de competici\u00f3n que sueles tener, y junto con la informaci\u00f3n de la carrera en la que participar\u00e1s, generaremos la mejor estrategia para que comas.<\/p>\n<p>Recibir\u00e1s:<\/p>\n<ul>\n<li>Estrategia nutricional para la competici\u00f3n.<\/li>\n<li>Macroc\u00e1lculos y recomendaciones para maximizar tu rendimiento seg\u00fan tus h\u00e1bitos y entrenamiento.<\/li>\n<li>C\u00e1lculos y recomendaciones de hidrataci\u00f3n.<\/li>\n<li>Tiempos y horarios de alimentaci\u00f3n para la competici\u00f3n seg\u00fan sus caracter\u00edsticas.<\/li>\n<li>Lista de la compra para el supermercado.<\/li>\n<\/ul>\n","protected":false},"featured_media":15159,"comment_status":"open","ping_status":"closed","template":"","meta":{"_bbp_topic_count":0,"_bbp_reply_count":0,"_bbp_total_topic_count":0,"_bbp_total_reply_count":0,"_bbp_voice_count":0,"_bbp_anonymous_reply_count":0,"_bbp_topic_count_hidden":0,"_bbp_reply_count_hidden":0,"_bbp_forum_subforum_count":0,"pmpro_default_level":"","_vibebp_attr":"","_vibebp_dimensions":"","_vibebp_responsive_height":"","_vibebp_accordion_ie_support":""},"product_brand":[],"product_cat":[433],"product_tag":[457,456],"class_list":{"0":"post-15517","1":"product","2":"type-product","3":"status-publish","4":"has-post-thumbnail","6":"product_cat-nutricion","7":"product_tag-concurso","8":"product_tag-nutricion","9":"pmpro-has-access","11":"first","12":"instock","13":"featured","14":"shipping-taxable","15":"purchasable","16":"product-type-simple"},"_links":{"self":[{"href":"https:\/\/base.asciende.pro\/es\/wp-json\/wp\/v2\/product\/15517","targetHints":{"allow":["GET"]}}],"collection":[{"href":"https:\/\/base.asciende.pro\/es\/wp-json\/wp\/v2\/product"}],"about":[{"href":"https:\/\/base.asciende.pro\/es\/wp-json\/wp\/v2\/types\/product"}],"replies":[{"embeddable":true,"href":"https:\/\/base.asciende.pro\/es\/wp-json\/wp\/v2\/comments?post=15517"}],"wp:featuredmedia":[{"embeddable":true,"href":"https:\/\/base.asciende.pro\/es\/wp-json\/wp\/v2\/media\/15159"}],"wp:attachment":[{"href":"https:\/\/base.asciende.pro\/es\/wp-json\/wp\/v2\/media?parent=15517"}],"wp:term":[{"taxonomy":"product_brand","embeddable":true,"href":"https:\/\/base.asciende.pro\/es\/wp-json\/wp\/v2\/product_brand?post=15517"},{"taxonomy":"product_cat","embeddable":true,"href":"https:\/\/base.asciende.pro\/es\/wp-json\/wp\/v2\/product_cat?post=15517"},{"taxonomy":"product_tag","embeddable":true,"href":"https:\/\/base.asciende.pro\/es\/wp-json\/wp\/v2\/product_tag?post=15517"}],"curies":[{"name":"wp","href":"https:\/\/api.w.org\/{rel}","templated":true}]}}