{"id":15525,"date":"2024-12-08T14:26:23","date_gmt":"2024-12-08T13:26:23","guid":{"rendered":"https:\/\/base.asciende.pro\/product\/%f0%9f%a5%87-entrenamiento-ciclista-profesional\/"},"modified":"2024-12-08T14:26:23","modified_gmt":"2024-12-08T13:26:23","slug":"%f0%9f%a5%87-entrenamiento-ciclista-profesional","status":"publish","type":"product","link":"https:\/\/base.asciende.pro\/es\/product\/%f0%9f%a5%87-entrenamiento-ciclista-profesional\/","title":{"rendered":"\ud83e\udd47 Entrenamiento ciclista profesional"},"content":{"rendered":"<p><strong>Descripci\u00f3n del servicio<\/strong>:<br \/>\nEl servicio m\u00e1s completo para ciclistas de alto rendimiento. Este paquete incluye una planificaci\u00f3n detallada a trav\u00e9s de <strong>Training Peaks<\/strong>, <strong>entrenamiento nutricional<\/strong> personalizado y evaluaci\u00f3n avanzada del rendimiento con <strong>WKO5<\/strong> para la toma de decisiones basada en datos. <\/p>\n<ul>\n<li><strong>Qu\u00e9 incluye<\/strong>:\n<ul>\n<li>Planificaci\u00f3n de <strong>los Picos de Entrenamiento<\/strong>.<\/li>\n<li>Entrenamiento nutricional personalizado para entrenamientos y carreras.<\/li>\n<li>An\u00e1lisis de rendimiento con <strong>WKO5<\/strong>.<\/li>\n<li><strong>Afiliaci\u00f3n Acceso<\/strong> a recursos y herramientas Asciende para ciclistas.<\/li>\n<li><strong>Acceso gratuito<\/strong> a todos los cursos de Asciende y Ciclismo Asciende.<\/li>\n<li><strong>50% de descuento<\/strong> en coaching 1:1 con <strong>Agu Hern\u00e1ndez<\/strong>.<\/li>\n<\/ul>\n<\/li>\n<\/ul>\n<p><strong>Impacto social<\/strong>:<br \/>\nElegir este servicio no s\u00f3lo mejora tu carrera profesional en el ciclismo, sino que tambi\u00e9n ayuda a proporcionar recursos de vanguardia y entrenamiento a los atletas del Sur Global, rompiendo las barreras al ciclismo de alto rendimiento.<\/p>\n","protected":false},"excerpt":{"rendered":"<p><strong>Descripci\u00f3n del servicio<\/strong>:<br \/>\nEl servicio m\u00e1s completo para ciclistas de alto rendimiento. Este paquete incluye planificaci\u00f3n detallada a trav\u00e9s de <strong>Training Peaks<\/strong>, <strong>entrenamiento nutricional<\/strong> personalizado y evaluaci\u00f3n avanzada del rendimiento con <strong>WKO5<\/strong> para la toma de decisiones basada en datos. <\/p>\n<ul>\n<li><strong>Qu\u00e9 incluye<\/strong>:\n<ul>\n<li>Planificaci\u00f3n de <strong>los Picos de Entrenamiento<\/strong>.<\/li>\n<li>Entrenamiento nutricional personalizado para entrenamientos y carreras.<\/li>\n<li>An\u00e1lisis de rendimiento con <strong>WKO5<\/strong>.<\/li>\n<li><strong>Afiliaci\u00f3n Acceso<\/strong> a recursos y herramientas Asciende para ciclistas.<\/li>\n<li><strong>Acceso gratuito<\/strong> a todos los cursos de Asciende y Ciclismo Asciende.<\/li>\n<li><strong>50% de descuento<\/strong> en coaching 1:1 con <strong>Agu Hern\u00e1ndez<\/strong>.<\/li>\n<\/ul>\n<\/li>\n<\/ul>\n<p><strong>Impacto social<\/strong>:<br \/>\nElegir este servicio no s\u00f3lo mejora tu carrera profesional en el ciclismo, sino que tambi\u00e9n ayuda a proporcionar recursos de vanguardia y entrenamiento a los atletas del Sur Global, rompiendo las barreras al ciclismo de alto rendimiento.<\/p>\n","protected":false},"featured_media":15165,"comment_status":"open","ping_status":"closed","template":"","meta":{"_bbp_topic_count":0,"_bbp_reply_count":0,"_bbp_total_topic_count":0,"_bbp_total_reply_count":0,"_bbp_voice_count":0,"_bbp_anonymous_reply_count":0,"_bbp_topic_count_hidden":0,"_bbp_reply_count_hidden":0,"_bbp_forum_subforum_count":0,"pmpro_default_level":"","_vibebp_attr":"","_vibebp_dimensions":"","_vibebp_responsive_height":"","_vibebp_accordion_ie_support":""},"product_brand":[],"product_cat":[434],"product_tag":[],"class_list":{"0":"post-15525","1":"product","2":"type-product","3":"status-publish","4":"has-post-thumbnail","6":"product_cat-entrenamiento","7":"pmpro-has-access","9":"first","10":"instock","11":"featured","12":"shipping-taxable","13":"purchasable","14":"product-type-simple"},"_links":{"self":[{"href":"https:\/\/base.asciende.pro\/es\/wp-json\/wp\/v2\/product\/15525","targetHints":{"allow":["GET"]}}],"collection":[{"href":"https:\/\/base.asciende.pro\/es\/wp-json\/wp\/v2\/product"}],"about":[{"href":"https:\/\/base.asciende.pro\/es\/wp-json\/wp\/v2\/types\/product"}],"replies":[{"embeddable":true,"href":"https:\/\/base.asciende.pro\/es\/wp-json\/wp\/v2\/comments?post=15525"}],"wp:featuredmedia":[{"embeddable":true,"href":"https:\/\/base.asciende.pro\/es\/wp-json\/wp\/v2\/media\/15165"}],"wp:attachment":[{"href":"https:\/\/base.asciende.pro\/es\/wp-json\/wp\/v2\/media?parent=15525"}],"wp:term":[{"taxonomy":"product_brand","embeddable":true,"href":"https:\/\/base.asciende.pro\/es\/wp-json\/wp\/v2\/product_brand?post=15525"},{"taxonomy":"product_cat","embeddable":true,"href":"https:\/\/base.asciende.pro\/es\/wp-json\/wp\/v2\/product_cat?post=15525"},{"taxonomy":"product_tag","embeddable":true,"href":"https:\/\/base.asciende.pro\/es\/wp-json\/wp\/v2\/product_tag?post=15525"}],"curies":[{"name":"wp","href":"https:\/\/api.w.org\/{rel}","templated":true}]}}