{"id":15542,"date":"2025-02-17T15:01:48","date_gmt":"2025-02-17T14:01:48","guid":{"rendered":"https:\/\/base.asciende.pro\/product\/come-como-un-atleta\/"},"modified":"2025-02-17T15:01:48","modified_gmt":"2025-02-17T14:01:48","slug":"come-como-un-atleta","status":"publish","type":"product","link":"https:\/\/base.asciende.pro\/es\/product\/come-como-un-atleta\/","title":{"rendered":"Come como un atleta"},"content":{"rendered":"<p>DOS CONSULTAS, UN PLAN, TODO CALCULADO Y MUCHA INFORMACI\u00d3N.<br \/>\nRecibir\u00e1s un plan de alimentaci\u00f3n acorde con tus necesidades, horarios y objetivos de entrenamiento y\/o competici\u00f3n. Sobre todo, aprender\u00e1s todo lo que necesitas saber sobre nutrici\u00f3n y rendimiento deportivo.<br \/>\nRecibir\u00e1s un plan de comidas para toda la semana en la App Nutrium, donde tendr\u00e1s absolutamente todo calculado.<br \/>\nEn una segunda consulta, reestructuraremos el plan seg\u00fan los cambios que hayas realizado. Tambi\u00e9n recibir\u00e1s recomendaciones sobre c\u00f3mo seguir en relaci\u00f3n con tus objetivos en las consultas de seguimiento.  <\/p>\n<ul>\n<li>Una primera Consulta 1 a 1 (60 min) para conocerte como deportista y tu entorno.<\/li>\n<li>Recibir\u00e1s un plan de una semana en la App (gratis para ti) seg\u00fan tus gustos, h\u00e1bitos y objetivos.<\/li>\n<li>Tendr\u00e1s todo calculado Macros, Micros, Suplementaci\u00f3n (si es necesario)<\/li>\n<li>Recetas y orden para una semana, con equivalencias para tener mayor variedad.<\/li>\n<li>Lista de la compra para el supermercado.<\/li>\n<li>Citas o consultas, contacto profesional y seguimiento a trav\u00e9s de la App<\/li>\n<li>Infograf\u00eda y toda la informaci\u00f3n que consideres necesaria para sacar tu mejor versi\u00f3n.<\/li>\n<li>Una segunda consulta (30 min) para reestructurar, consultar, modificar todo lo necesario y darte el mejor seguimiento en tu proceso.<\/li>\n<li>Ideas y recomendaciones para el seguimiento y el proceso posterior.<\/li>\n<li>Cuota de trabajo para 10 atletas<\/li>\n<\/ul>\n","protected":false},"excerpt":{"rendered":"<p>DOS CONSULTAS, UN PLAN, TODO CALCULADO Y MUCHA INFORMACI\u00d3N.<br \/>\nRecibir\u00e1s un plan de alimentaci\u00f3n acorde con tus necesidades, horarios y objetivos de entrenamiento y\/o competici\u00f3n. Sobre todo, aprender\u00e1s todo lo que necesitas saber sobre nutrici\u00f3n y rendimiento deportivo.<br \/>\nRecibir\u00e1s un plan de comidas para toda la semana en la App Nutrium, donde tendr\u00e1s absolutamente todo calculado.<br \/>\nEn una segunda consulta, reestructuraremos el plan seg\u00fan los cambios que hayas realizado. Tambi\u00e9n recibir\u00e1s recomendaciones sobre c\u00f3mo seguir en relaci\u00f3n con tus objetivos en las consultas de seguimiento.  <\/p>\n<ul>\n<li>Una primera Consulta 1 a 1 (60 min) para conocerte como deportista y tu entorno.<\/li>\n<li>Recibir\u00e1s un plan de una semana en la App (gratis para ti) seg\u00fan tus gustos, h\u00e1bitos y objetivos.<\/li>\n<li>Tendr\u00e1s todo calculado Macros, Micros, Suplementaci\u00f3n (si es necesario)<\/li>\n<li>Recetas y orden para una semana, con equivalencias para tener mayor variedad.<\/li>\n<li>Lista de la compra para el supermercado.<\/li>\n<li>Citas o consultas, contacto profesional y seguimiento a trav\u00e9s de la App<\/li>\n<li>Infograf\u00eda y toda la informaci\u00f3n que consideres necesaria para sacar tu mejor versi\u00f3n.<\/li>\n<li>Una segunda consulta (30 min) para reestructurar, consultar, modificar todo lo necesario y darte el mejor seguimiento en tu proceso.<\/li>\n<li>Ideas y recomendaciones para el seguimiento y el proceso posterior.<\/li>\n<li>Cuota de trabajo para 10 atletas<\/li>\n<\/ul>\n","protected":false},"featured_media":15160,"comment_status":"open","ping_status":"closed","template":"","meta":{"_bbp_topic_count":0,"_bbp_reply_count":0,"_bbp_total_topic_count":0,"_bbp_total_reply_count":0,"_bbp_voice_count":0,"_bbp_anonymous_reply_count":0,"_bbp_topic_count_hidden":0,"_bbp_reply_count_hidden":0,"_bbp_forum_subforum_count":0,"pmpro_default_level":"","_vibebp_attr":"","_vibebp_dimensions":"","_vibebp_responsive_height":"","_vibebp_accordion_ie_support":""},"product_brand":[],"product_cat":[433],"product_tag":[457,456],"class_list":{"0":"post-15542","1":"product","2":"type-product","3":"status-publish","4":"has-post-thumbnail","6":"product_cat-nutricion","7":"product_tag-concurso","8":"product_tag-nutricion","9":"pmpro-has-access","11":"first","12":"instock","13":"featured","14":"shipping-taxable","15":"purchasable","16":"product-type-simple"},"_links":{"self":[{"href":"https:\/\/base.asciende.pro\/es\/wp-json\/wp\/v2\/product\/15542","targetHints":{"allow":["GET"]}}],"collection":[{"href":"https:\/\/base.asciende.pro\/es\/wp-json\/wp\/v2\/product"}],"about":[{"href":"https:\/\/base.asciende.pro\/es\/wp-json\/wp\/v2\/types\/product"}],"replies":[{"embeddable":true,"href":"https:\/\/base.asciende.pro\/es\/wp-json\/wp\/v2\/comments?post=15542"}],"wp:featuredmedia":[{"embeddable":true,"href":"https:\/\/base.asciende.pro\/es\/wp-json\/wp\/v2\/media\/15160"}],"wp:attachment":[{"href":"https:\/\/base.asciende.pro\/es\/wp-json\/wp\/v2\/media?parent=15542"}],"wp:term":[{"taxonomy":"product_brand","embeddable":true,"href":"https:\/\/base.asciende.pro\/es\/wp-json\/wp\/v2\/product_brand?post=15542"},{"taxonomy":"product_cat","embeddable":true,"href":"https:\/\/base.asciende.pro\/es\/wp-json\/wp\/v2\/product_cat?post=15542"},{"taxonomy":"product_tag","embeddable":true,"href":"https:\/\/base.asciende.pro\/es\/wp-json\/wp\/v2\/product_tag?post=15542"}],"curies":[{"name":"wp","href":"https:\/\/api.w.org\/{rel}","templated":true}]}}