{"id":15704,"date":"2025-02-17T15:05:51","date_gmt":"2025-02-17T14:05:51","guid":{"rendered":"https:\/\/base.asciende.pro\/product\/coaching-nutricional-1x\/"},"modified":"2025-02-17T15:05:51","modified_gmt":"2025-02-17T14:05:51","slug":"coaching-nutricional-1x","status":"publish","type":"product","link":"https:\/\/base.asciende.pro\/es\/product\/coaching-nutricional-1x\/","title":{"rendered":"Coaching nutricional (1x)"},"content":{"rendered":"<p>Una suscripci\u00f3n mensual para deportistas que consideran que el gimnasio puede ser un complemento a su deporte o a su actividad principal. En Strong As An Athlete sacaremos la mejor versi\u00f3n de ti en t\u00e9rminos de fuerza. <\/p>\n<p>Con posibilidad de modificaciones y contacto semanal con el entrenador, individualizaremos el trabajo de la mejor manera dependiendo de tus condiciones, tiempo y disponibilidad de materiales. La forma de individualizaci\u00f3n es a trav\u00e9s de tu experiencia con el levantamiento de pesas, RIR y RPE, y para aquellos atletas experimentados tambi\u00e9n utilizaremos el Entrenamiento Basado en la Velocidad o VBT midiendo la velocidad de la barra. <\/p>\n<p>En la suscripci\u00f3n Fuerte Como Atleta recibir\u00e1s un plan mensual de 12 est\u00edmulos, 3 semanales, y formar\u00e1s parte de un grupo de atletas de tu misma disciplina.<\/p>\n<p>A trav\u00e9s de la aplicaci\u00f3n Train Heroic (gratuita para ti), haremos un seguimiento lo m\u00e1s exhaustivo posible, con posible comunicaci\u00f3n continua, env\u00edo de v\u00eddeos para evaluaci\u00f3n de la t\u00e9cnica, mensajes y sensaciones de cada est\u00edmulo.<\/p>\n<p>La comunicaci\u00f3n con el formador y las modificaciones del plan se har\u00e1n quincenalmente y a trav\u00e9s de la aplicaci\u00f3n, as\u00ed como el env\u00edo de v\u00eddeos o preguntas.<\/p>\n<p>Podr\u00e1s participar gratuitamente en reuniones virtuales con otros deportistas que realizan entrenamientos de gimnasio, para una mayor comprensi\u00f3n, disciplina y motivaci\u00f3n.<\/p>\n<p>Se trata de una SUSCRIPCI\u00d3N con un cupo m\u00e1ximo de 10 atletas.<\/p>\n","protected":false},"excerpt":{"rendered":"<p>Una suscripci\u00f3n mensual para deportistas que consideran que el gimnasio puede ser un complemento a su deporte o a su actividad principal. En Strong As An Athlete sacaremos la mejor versi\u00f3n de ti en t\u00e9rminos de fuerza. <\/p>\n<p>Con posibilidad de modificaciones y contacto semanal con el entrenador, individualizaremos el trabajo de la mejor manera dependiendo de tus condiciones, tiempo y disponibilidad de materiales. La forma de individualizaci\u00f3n es a trav\u00e9s de tu experiencia con el levantamiento de pesas, RIR y RPE, y para aquellos atletas experimentados tambi\u00e9n utilizaremos el Entrenamiento Basado en la Velocidad o VBT midiendo la velocidad de la barra. <\/p>\n<p>En la suscripci\u00f3n Fuerte Como Atleta recibir\u00e1s un plan mensual de 12 est\u00edmulos, 3 semanales, y formar\u00e1s parte de un grupo de atletas de tu misma disciplina.<\/p>\n<p>A trav\u00e9s de la aplicaci\u00f3n Train Heroic (gratuita para ti), haremos un seguimiento lo m\u00e1s exhaustivo posible, con posible comunicaci\u00f3n continua, env\u00edo de v\u00eddeos para evaluaci\u00f3n de la t\u00e9cnica, mensajes y sensaciones de cada est\u00edmulo.<\/p>\n<p>La comunicaci\u00f3n con el formador y las modificaciones del plan se har\u00e1n quincenalmente y a trav\u00e9s de la aplicaci\u00f3n, as\u00ed como el env\u00edo de v\u00eddeos o preguntas.<\/p>\n<p>Podr\u00e1s participar gratuitamente en reuniones virtuales con otros deportistas que realizan entrenamientos de gimnasio, para una mayor comprensi\u00f3n, disciplina y motivaci\u00f3n.<\/p>\n<p>Se trata de una SUSCRIPCI\u00d3N con un cupo m\u00e1ximo de 10 atletas.<\/p>\n","protected":false},"featured_media":15162,"comment_status":"open","ping_status":"closed","template":"","meta":{"_bbp_topic_count":0,"_bbp_reply_count":0,"_bbp_total_topic_count":0,"_bbp_total_reply_count":0,"_bbp_voice_count":0,"_bbp_anonymous_reply_count":0,"_bbp_topic_count_hidden":0,"_bbp_reply_count_hidden":0,"_bbp_forum_subforum_count":0,"pmpro_default_level":"","_vibebp_attr":"","_vibebp_dimensions":"","_vibebp_responsive_height":"","_vibebp_accordion_ie_support":""},"product_brand":[],"product_cat":[433],"product_tag":[],"class_list":{"0":"post-15704","1":"product","2":"type-product","3":"status-publish","4":"has-post-thumbnail","6":"product_cat-nutricion","7":"pmpro-has-access","9":"first","10":"instock","11":"featured","12":"shipping-taxable","13":"purchasable","14":"product-type-simple"},"_links":{"self":[{"href":"https:\/\/base.asciende.pro\/es\/wp-json\/wp\/v2\/product\/15704","targetHints":{"allow":["GET"]}}],"collection":[{"href":"https:\/\/base.asciende.pro\/es\/wp-json\/wp\/v2\/product"}],"about":[{"href":"https:\/\/base.asciende.pro\/es\/wp-json\/wp\/v2\/types\/product"}],"replies":[{"embeddable":true,"href":"https:\/\/base.asciende.pro\/es\/wp-json\/wp\/v2\/comments?post=15704"}],"wp:featuredmedia":[{"embeddable":true,"href":"https:\/\/base.asciende.pro\/es\/wp-json\/wp\/v2\/media\/15162"}],"wp:attachment":[{"href":"https:\/\/base.asciende.pro\/es\/wp-json\/wp\/v2\/media?parent=15704"}],"wp:term":[{"taxonomy":"product_brand","embeddable":true,"href":"https:\/\/base.asciende.pro\/es\/wp-json\/wp\/v2\/product_brand?post=15704"},{"taxonomy":"product_cat","embeddable":true,"href":"https:\/\/base.asciende.pro\/es\/wp-json\/wp\/v2\/product_cat?post=15704"},{"taxonomy":"product_tag","embeddable":true,"href":"https:\/\/base.asciende.pro\/es\/wp-json\/wp\/v2\/product_tag?post=15704"}],"curies":[{"name":"wp","href":"https:\/\/api.w.org\/{rel}","templated":true}]}}